{"id":104,"date":"2019-04-10T09:30:59","date_gmt":"2019-04-10T09:30:59","guid":{"rendered":"http:\/\/kinderponyfarm.de\/?page_id=104"},"modified":"2019-04-10T09:37:08","modified_gmt":"2019-04-10T09:37:08","slug":"datenschutz-seite-2","status":"publish","type":"page","link":"https:\/\/kinderponyfarm.de\/?page_id=104","title":{"rendered":"Datenschutz Seite 2"},"content":{"rendered":"<h2>6. Newsletter<\/h2>\n<h3>Newsletterdaten<\/h3>\n<p>Wenn Sie den auf der Website angebotenen Newsletter beziehen m\u00f6chten, ben\u00f6tigen wir von Ihnen eine E-Mail-Adresse sowie Informationen, welche uns die \u00dcberpr\u00fcfung gestatten, dass Sie der Inhaber der angegebenen E-Mail-Adresse sind und mit dem Empfang des Newsletters einverstanden sind. Weitere Daten werden nicht bzw. nur auf freiwilliger Basis erhoben. Diese Daten verwenden wir ausschlie\u00dflich f\u00fcr den Versand der angeforderten Informationen und geben diese nicht an Dritte weiter.<\/p>\n<p>Die Verarbeitung der in das Newsletteranmeldeformular eingegebenen Daten erfolgt ausschlie\u00dflich auf Grundlage Ihrer Einwilligung (Art. 6 Abs. 1 lit. a DSGVO). Die erteilte Einwilligung zur Speicherung der Daten, der E-Mail-Adresse sowie deren Nutzung zum Versand des Newsletters k\u00f6nnen Sie jederzeit widerrufen, etwa \u00fcber den \u201eAustragen\u201c-Link im Newsletter. Die Rechtm\u00e4\u00dfigkeit der bereits erfolgten Datenverarbeitungsvorg\u00e4nge bleibt vom Widerruf unber\u00fchrt.<\/p>\n<p>Die von Ihnen zum Zwecke des Newsletter-Bezugs bei uns hinterlegten Daten werden von uns bis zu Ihrer Austragung aus dem Newsletter gespeichert und nach der Abbestellung des Newsletters gel\u00f6scht. Daten, die zu anderen Zwecken bei uns gespeichert wurden bleiben hiervon unber\u00fchrt.<\/p>\n<h3>MailChimp<\/h3>\n<p>Diese Website nutzt die Dienste von MailChimp f\u00fcr den Versand von Newslettern. Anbieter ist die Rocket Science Group LLC, 675 Ponce De Leon Ave NE, Suite 5000, Atlanta, GA 30308, USA.<\/p>\n<p>MailChimp ist ein Dienst, mit dem u.a. der Versand von Newslettern organisiert und analysiert werden kann. Wenn Sie Daten zum Zwecke des Newsletterbezugs eingeben (z.&nbsp;B. E-Mail-Adresse), werden diese auf den Servern von MailChimp in den USA gespeichert.<\/p>\n<p>MailChimp verf\u00fcgt \u00fcber eine Zertifizierung nach dem \u201eEU-US-Privacy-Shield\u201c. Der \u201ePrivacy-Shield\u201c ist ein \u00dcbereinkommen zwischen der Europ\u00e4ischen Union (EU) und den USA, das die Einhaltung europ\u00e4ischer Datenschutzstandards in den USA gew\u00e4hrleisten soll.<\/p>\n<p>Mit Hilfe von MailChimp k\u00f6nnen wir unsere Newsletterkampagnen analysieren. Wenn Sie eine mit MailChimp versandte E-Mail \u00f6ffnen, verbindet sich eine in der E-Mail enthaltene Datei (sog. web-beacon) mit den Servern von MailChimp in den USA. So kann festgestellt werden, ob eine Newsletter-Nachricht ge\u00f6ffnet und welche Links ggf. angeklickt wurden. Au\u00dferdem werden technische Informationen erfasst (z.&nbsp;B. Zeitpunkt des Abrufs, IP-Adresse, Browsertyp und Betriebssystem). Diese Informationen k\u00f6nnen nicht dem jeweiligen Newsletter-Empf\u00e4nger zugeordnet werden. Sie dienen ausschlie\u00dflich der statistischen Analyse von Newsletterkampagnen. Die Ergebnisse dieser Analysen k\u00f6nnen genutzt werden, um k\u00fcnftige Newsletter besser an die Interessen der Empf\u00e4nger anzupassen.<\/p>\n<p>Wenn Sie keine Analyse durch MailChimp wollen, m\u00fcssen Sie den Newsletter abbestellen. Hierf\u00fcr stellen wir in jeder Newsletternachricht einen entsprechenden Link zur Verf\u00fcgung. Des Weiteren k\u00f6nnen Sie den Newsletter auch direkt auf der Website abbestellen.<\/p>\n<p>Die Datenverarbeitung erfolgt auf Grundlage Ihrer Einwilligung (Art. 6 Abs. 1 lit. a DSGVO). Sie k\u00f6nnen diese Einwilligung jederzeit widerrufen, indem Sie den Newsletter abbestellen. Die Rechtm\u00e4\u00dfigkeit der bereits erfolgten Datenverarbeitungsvorg\u00e4nge bleibt vom Widerruf unber\u00fchrt.<\/p>\n<p>Die von Ihnen zum Zwecke des Newsletter-Bezugs bei uns hinterlegten Daten werden von uns bis zu Ihrer Austragung aus dem Newsletter gespeichert und nach der Abbestellung des Newsletters sowohl von unseren Servern als auch von den Servern von MailChimp gel\u00f6scht. Daten, die zu anderen Zwecken bei uns gespeichert wurden bleiben hiervon unber\u00fchrt.<\/p>\n<p>N\u00e4heres entnehmen Sie den Datenschutzbestimmungen von MailChimp unter: <a href=\"https:\/\/mailchimp.com\/legal\/terms\/\" target=\"_blank\" rel=\"noopener noreferrer\">https:\/\/mailchimp.com\/legal\/terms\/<\/a>.<\/p>\n<p><strong>Abschluss eines Data-Processing-Agreements<\/strong><\/p>\n<p>Wir haben ein sog. \u201eData-Processing-Agreement\u201c mit MailChimp abgeschlossen, in dem wir MailChimp verpflichten, die Daten unserer Kunden zu sch\u00fctzen und sie nicht an Dritte weiterzugeben.<\/p>\n<h3>CleverReach<\/h3>\n<p>Diese Website nutzt CleverReach f\u00fcr den Versand von Newslettern. Anbieter ist die CleverReach GmbH &amp; Co. KG, M\u00fchlenstr. 43, 26180 Rastede. CleverReach ist ein Dienst, mit dem der Newsletterversand organisiert und analysiert werden kann. Die von Ihnen zwecks Newsletterbezug eingegebenen Daten (z.&nbsp;B. E-Mail-Adresse) werden auf den Servern von CleverReach in Deutschland bzw. Irland gespeichert.<\/p>\n<p>Unsere mit CleverReach versandten Newsletter erm\u00f6glichen uns die Analyse des Verhaltens der Newsletterempf\u00e4nger. Hierbei kann u. a. analysiert werden, wie viele Empf\u00e4nger die Newsletternachricht ge\u00f6ffnet haben und wie oft welcher Link im Newsletter angeklickt wurde. Mit Hilfe des sogenannten Conversion-Trackings kann au\u00dferdem analysiert werden, ob nach Anklicken des Links im Newsletter eine vorab definierte Aktion (z.&nbsp;B. Kauf eines Produkts auf unserer Website) erfolgt ist. Weitere Informationen zur Datenanalyse durch CleverReach-Newsletter erhalten Sie unter: <a href=\"https:\/\/www.cleverreach.com\/de\/funktionen\/reporting-und-tracking\/\" target=\"_blank\" rel=\"noopener noreferrer\">https:\/\/www.cleverreach.com\/de\/funktionen\/reporting-und-tracking\/<\/a>.<\/p>\n<p>Die Datenverarbeitung erfolgt auf Grundlage Ihrer Einwilligung (Art. 6 Abs. 1 lit. a DSGVO). Sie k\u00f6nnen diese Einwilligung jederzeit widerrufen, indem Sie den Newsletter abbestellen. Die Rechtm\u00e4\u00dfigkeit der bereits erfolgten Datenverarbeitungsvorg\u00e4nge bleibt vom Widerruf unber\u00fchrt.<\/p>\n<p>Wenn Sie keine Analyse durch CleverReach wollen, m\u00fcssen Sie den Newsletter abbestellen. Hierf\u00fcr stellen wir in jeder Newsletternachricht einen entsprechenden Link zur Verf\u00fcgung. Des Weiteren k\u00f6nnen Sie den Newsletter auch direkt auf der Website abbestellen.<\/p>\n<p>Die von Ihnen zum Zwecke des Newsletter-Bezugs bei uns hinterlegten Daten werden von uns bis zu Ihrer Austragung aus dem Newsletter gespeichert und nach der Abbestellung des Newsletters sowohl von unseren Servern als auch von den Servern von CleverReach gel\u00f6scht. Daten, die zu anderen Zwecken bei uns gespeichert wurden bleiben hiervon unber\u00fchrt.<\/p>\n<p>N\u00e4heres entnehmen Sie den Datenschutzbestimmungen von CleverReach unter: <a href=\"https:\/\/www.cleverreach.com\/de\/datenschutz\/\" target=\"_blank\" rel=\"noopener noreferrer\">https:\/\/www.cleverreach.com\/de\/datenschutz\/<\/a>.<\/p>\n<p><strong>Abschluss eines Vertrags \u00fcber Auftragsverarbeitung<\/strong><\/p>\n<p>Wir haben mit CleverReach einen Vertrag zur Auftragsverarbeitung abgeschlossen und setzen die strengen Vorgaben der deutschen Datenschutzbeh\u00f6rden bei der Nutzung von CleverReach vollst\u00e4ndig um.<\/p>\n<h3>CleverElements<\/h3>\n<p>Diese Website nutzt CleverElements f\u00fcr den Versand von Newslettern. Anbieter ist die CleverElements GmbH, Prinzessinnenstr. 19-20, 10969 Berlin (Deutschland).<\/p>\n<p>CleverElements ist ein Dienst, mit dem u.a. der Versand von Newslettern organisiert und analysiert werden kann. Die von Ihnen zum Zwecke des Newsletterbezugs eingegeben Daten werden auf den Servern von CleverElements in Deutschland gespeichert.<\/p>\n<p>Wenn Sie keine Analyse durch CleverElements wollen, m\u00fcssen Sie den Newsletter abbestellen. Hierf\u00fcr stellen wir in jeder Newsletternachricht einen entsprechenden Link zur Verf\u00fcgung. Des Weiteren k\u00f6nnen Sie den Newsletter auch direkt auf der Website abbestellen.<\/p>\n<p><strong>Datenanalyse durch CleverElements<\/strong><\/p>\n<p>Mit Hilfe von CleverElements ist es uns m\u00f6glich, unsere Newsletter-Kampagnen zu analysieren. So k\u00f6nnen wir unter anderem sehen, ob eine Newsletter-Nachricht ge\u00f6ffnet und welche Links ggf. angeklickt wurden. Auf diese Weise k\u00f6nnen wir u.a. feststellen, welche Links besonders oft angeklickt wurden.<\/p>\n<p>CleverElements erlaubt es uns auch, die Newsletter-Empf\u00e4nger nach verschiedenen Empf\u00e4ngerkategorien (z.&nbsp;B. Wohnort) zu unterteilen. Auf diese Weise lassen sich die Newsletter besser an die jeweiligen Zielgruppen anpassen.<\/p>\n<p>Ausf\u00fchrliche Informationen zu den Funktionen von CleverElements entnehmen Sie folgendem Link: <a href=\"https:\/\/cleverelements.com\/product\" target=\"_blank\" rel=\"noopener noreferrer\">https:\/\/cleverelements.com\/product<\/a>.<\/p>\n<p><strong>Rechtsgrundlage<\/strong><\/p>\n<p>Die Datenverarbeitung erfolgt auf Grundlage Ihrer Einwilligung (Art. 6 Abs. 1 lit. a DSGVO). Sie k\u00f6nnen diese Einwilligung jederzeit widerrufen. Die Rechtm\u00e4\u00dfigkeit der bereits erfolgten Datenverarbeitungsvorg\u00e4nge bleibt vom Widerruf unber\u00fchrt.<\/p>\n<p><strong>Speicherdauer<\/strong><\/p>\n<p>Die von Ihnen zum Zwecke des Newsletter-Bezugs bei uns hinterlegten Daten werden von uns bis zu Ihrer Austragung aus dem Newsletter gespeichert und nach der Abbestellung des Newsletters sowohl von unseren Servern als auch von den Servern von CleverElements gel\u00f6scht. Daten, die zu anderen Zwecken bei uns gespeichert wurden bleiben hiervon unber\u00fchrt.<\/p>\n<p><strong>Abschluss eines Vertrags \u00fcber Auftragsverarbeitung<\/strong><\/p>\n<p>Wir haben mit CleverElements einen Vertrag abgeschlossen, in dem wir CleverElements verpflichten, die Daten unserer Kunden zu sch\u00fctzen und sie nicht an Dritte weiterzugeben.<\/p>\n<p>N\u00e4heres entnehmen Sie den Datenschutzbestimmungen von CleverElements unter: <a href=\"https:\/\/cleverelements.com\/imprint\" target=\"_blank\" rel=\"noopener noreferrer\">https:\/\/cleverelements.com\/imprint<\/a>.<\/p>\n<h3>Klick-Tipp<\/h3>\n<p>Diese Website nutzt Klick-Tipp f\u00fcr den Versand von Newslettern. Anbieter ist die KLICK-TIPP LIMITED, 15 Cambridge Court, 210 Shepherd\u2019s Bush Road, London W6 7NJ, Vereinigtes K\u00f6nigreich.<\/p>\n<p>Klick-Tipp ist ein Dienst, mit dem u.a. der Versand von Newslettern organisiert und analysiert werden kann. Die von Ihnen zum Zwecke des Newsletterbezugs eingegeben Daten werden auf den Servern von Klick-Tipp gespeichert.<\/p>\n","protected":false},"excerpt":{"rendered":"<p>6. Newsletter Newsletterdaten Wenn Sie den auf der Website angebotenen Newsletter beziehen m\u00f6chten, ben\u00f6tigen wir von Ihnen eine E-Mail-Adresse sowie Informationen, welche uns die \u00dcberpr\u00fcfung gestatten, dass Sie der Inhaber der angegebenen E-Mail-Adresse sind und mit dem Empfang des Newsletters einverstanden sind. Weitere Daten werden nicht bzw. nur auf freiwilliger Basis erhoben. Diese Daten verwenden&#8230;<\/p>\n<p class=\"more-link\"><a href=\"https:\/\/kinderponyfarm.de\/?page_id=104\"><span>Read More<\/span><i>&#43;<\/i><\/a><\/p>\n","protected":false},"author":1,"featured_media":0,"parent":0,"menu_order":0,"comment_status":"closed","ping_status":"closed","template":"","meta":[],"_links":{"self":[{"href":"https:\/\/kinderponyfarm.de\/index.php?rest_route=\/wp\/v2\/pages\/104"}],"collection":[{"href":"https:\/\/kinderponyfarm.de\/index.php?rest_route=\/wp\/v2\/pages"}],"about":[{"href":"https:\/\/kinderponyfarm.de\/index.php?rest_route=\/wp\/v2\/types\/page"}],"author":[{"embeddable":true,"href":"https:\/\/kinderponyfarm.de\/index.php?rest_route=\/wp\/v2\/users\/1"}],"replies":[{"embeddable":true,"href":"https:\/\/kinderponyfarm.de\/index.php?rest_route=%2Fwp%2Fv2%2Fcomments&post=104"}],"version-history":[{"count":3,"href":"https:\/\/kinderponyfarm.de\/index.php?rest_route=\/wp\/v2\/pages\/104\/revisions"}],"predecessor-version":[{"id":109,"href":"https:\/\/kinderponyfarm.de\/index.php?rest_route=\/wp\/v2\/pages\/104\/revisions\/109"}],"wp:attachment":[{"href":"https:\/\/kinderponyfarm.de\/index.php?rest_route=%2Fwp%2Fv2%2Fmedia&parent=104"}],"curies":[{"name":"wp","href":"https:\/\/api.w.org\/{rel}","templated":true}]}}