{"id":56,"date":"2019-04-09T17:58:37","date_gmt":"2019-04-09T17:58:37","guid":{"rendered":"http:\/\/kinderponyfarm.de\/?page_id=56"},"modified":"2019-04-09T18:14:06","modified_gmt":"2019-04-09T18:14:06","slug":"wie-arbeite-ich","status":"publish","type":"page","link":"https:\/\/kinderponyfarm.de\/?page_id=56","title":{"rendered":"Wie arbeite ich?"},"content":{"rendered":"\n<h2>Ihr Kind\u2026<\/h2>\n\n\n\n<p>\u00b7 w\u00fcnscht sich mehr Spa\u00df am Reiten?<br>\n\u00b7 m\u00f6chte mehr Kontakt zum Pferd (Kuscheln, Putzen, Versorgen)?<br>\n\u00b7 m\u00f6chte spielerisch lernen?<br>\n\u00b7 soll seine sozialen Kompetenzen erweitern?<br>\n\u00b7 soll lernen Verantwortung zu \u00fcbernehmen?<br>\n\u00b7 braucht mehr Selbstvertauen?<br>\n\u00b7 soll selbstst\u00e4ndiger werden?<br>\n\u00b7 hat \u00c4ngste, die abgebaut werden sollen?<br>\n\u00b7 braucht Unterst\u00fctzung in der Entwicklung motorischer\/psychomotorischer F\u00e4higkeiten?<\/p>\n\n\n\n<p>Das F\u00fchren des Pferdes st\u00e4rkt das Durchsetzungsverm\u00f6gen und die Selbstsicherheit des Kindes.<\/p>\n\n\n\n<h2>Ich biete\u2026<\/h2>\n\n\n\n<p>\u00b7 ganzheitlichen Reit und Voltigierunterricht nach den Bed\u00fcrfnissen des Kindes<br>\n\u00b7 mit Spiel und Spa\u00df das Reiten und den Umgang mit dem Pferd zu erlernen<br>\n\u00b7 Integration und F\u00f6rderung der Sinneswahrnehmung<br>\n\u00b7 Unterst\u00fctzung und F\u00f6rderung der motorischen und psychomotorischen Entwicklung<br>\n(Bewegungen und Bewegungsabl\u00e4ufe) sowie in der kognitiven und emotionalen Entwicklung (des Denkens und der Gef\u00fchle)<br>\n\u00b7 Erlebnisp\u00e4dagogische Ausritte<\/p>\n\n\n\n<h2>sich tragen zu lassen\u2026<\/h2>\n\n\n\n<p>Zum Pferd hingehen und neben ihm her zu gehen, best\u00e4rkt das Vertrauensverh\u00e4ltnis zwischen Kind und Pferd und hat zugleich eine entspannende Wirkung auf beide.<br>\nIch arbeite in Gruppen mit Kinder ab ca. 3 Jahren, die kleineren Kinder werden einzeln mit einer Begleitperson an das Pferd herangef\u00fchrt. Ein wichtiger Bestandteil meiner Arbeit bildet die Versorgung des Pferdes (Putzen, F\u00fcttern, f\u00fcr das Wohlbefinden des Tieres zu sorgen\u2026). Auf spielerische Weise, lernen die Kinder den richtigen Umgang mit dem Lebewesen. Indem sie z. B. erfahren, dass das Pferd nur dann mit Spa\u00df und Freude mitmacht, wenn es sich wohl f\u00fchlt, lernen sie Verantwortung zu \u00fcbernehmen und ihre soziale Kompetenz wird gef\u00f6rdert. Des Weiteren werden durch das Reiten\/Voltigieren sowie durch gezielte Spiele Sinnesreize gegeben, die zur Integration und F\u00f6rderung der Wahrnehmung f\u00fchren und auch die motorische Entwicklung positiv beeinflussen und unterst\u00fctzen.<br>\nMeine Einheiten finden an der Longe oder im F\u00fchren statt. Die Kinder lernen Schritt f\u00fcr Schritt das Reiten durch Voltigier\u00fcbungen und Spiele. Das erfordert Mut und st\u00e4rkt ihr Selbstvertrauen.<br>\nGern unternehmen wir auch gef\u00fchrte Ausritte. Hier spielen das dabei entstehende Freiheitsgef\u00fchl und das Gef\u00fchl des &#8222;getragen werden&#8220; eine gro\u00dfe Rolle.<br>\nIn meinen Reit- \/ Voltigierstunden steht die ganzheitliche Entwicklungsf\u00f6rderung (K\u00f6rper, Geist und Seele) mit Spiel und Spa\u00df im Vordergrund. Das Pferd als Partner bietet uns dabei eine verl\u00e4ssliche Beziehungsbasis.<br>\nDas Loben des Pferdes motiviert Kind und Pferd und intensiviert die Beziehung zwischen Ihnen.<\/p>\n","protected":false},"excerpt":{"rendered":"<p>Ihr Kind\u2026 \u00b7 w\u00fcnscht sich mehr Spa\u00df am Reiten? \u00b7 m\u00f6chte mehr Kontakt zum Pferd (Kuscheln, Putzen, Versorgen)? \u00b7 m\u00f6chte spielerisch lernen? \u00b7 soll seine sozialen Kompetenzen erweitern? \u00b7 soll lernen Verantwortung zu \u00fcbernehmen? \u00b7 braucht mehr Selbstvertauen? \u00b7 soll selbstst\u00e4ndiger werden? \u00b7 hat \u00c4ngste, die abgebaut werden sollen? \u00b7 braucht Unterst\u00fctzung in der Entwicklung&#8230;<\/p>\n<p class=\"more-link\"><a href=\"https:\/\/kinderponyfarm.de\/?page_id=56\"><span>Read More<\/span><i>&#43;<\/i><\/a><\/p>\n","protected":false},"author":1,"featured_media":0,"parent":0,"menu_order":0,"comment_status":"closed","ping_status":"closed","template":"","meta":[],"_links":{"self":[{"href":"https:\/\/kinderponyfarm.de\/index.php?rest_route=\/wp\/v2\/pages\/56"}],"collection":[{"href":"https:\/\/kinderponyfarm.de\/index.php?rest_route=\/wp\/v2\/pages"}],"about":[{"href":"https:\/\/kinderponyfarm.de\/index.php?rest_route=\/wp\/v2\/types\/page"}],"author":[{"embeddable":true,"href":"https:\/\/kinderponyfarm.de\/index.php?rest_route=\/wp\/v2\/users\/1"}],"replies":[{"embeddable":true,"href":"https:\/\/kinderponyfarm.de\/index.php?rest_route=%2Fwp%2Fv2%2Fcomments&post=56"}],"version-history":[{"count":3,"href":"https:\/\/kinderponyfarm.de\/index.php?rest_route=\/wp\/v2\/pages\/56\/revisions"}],"predecessor-version":[{"id":64,"href":"https:\/\/kinderponyfarm.de\/index.php?rest_route=\/wp\/v2\/pages\/56\/revisions\/64"}],"wp:attachment":[{"href":"https:\/\/kinderponyfarm.de\/index.php?rest_route=%2Fwp%2Fv2%2Fmedia&parent=56"}],"curies":[{"name":"wp","href":"https:\/\/api.w.org\/{rel}","templated":true}]}}