{"id":67,"date":"2019-04-09T18:18:16","date_gmt":"2019-04-09T18:18:16","guid":{"rendered":"http:\/\/kinderponyfarm.de\/?page_id=67"},"modified":"2019-04-09T18:19:19","modified_gmt":"2019-04-09T18:19:19","slug":"co-partner-pferd-was-mein-kind-lernt","status":"publish","type":"page","link":"https:\/\/kinderponyfarm.de\/?page_id=67","title":{"rendered":"Co-Partner Pferd \/ Was mein Kind lernt"},"content":{"rendered":"\n<p>Bacardy ist eine h\u00fcbsche, charakterstarke und sehr liebe Islandpferdstute. Sie liebt Kinder hat viel Spa\u00df an der Arbeit und ist immer sehr bem\u00fcht alles gut zu machen.<br>\nIm Umgang mit Kindern ist sie \u00e4u\u00dferst sensibel und aufmerksam. Sie passt gut auf ihre Reiter auf. Bacardy ist ein ausgeglichenes und nervenstarkes Pony, dass so schnell nix aus der Ruhe bringt.<\/p>\n\n\n\n<p>Riva und Montana (Deutsche Reitpferdeschwestern), Jenny (Welshcob), Myra (Isl\u00e4nder) und die beiden Shetty\u00b4s Jolly und Jumper sind auch mit dabei.<\/p>\n\n\n\n<p>Die lange Zeit, der Spa\u00df an Arbeit und Freizeitreiten sowie vor allem der pferdegerechte Umgang und die artgerechte Haltung haben uns zu einem starken und harmonischen Team werden lassen.<\/p>\n\n\n\n<h2>Pferde sind ein Spiegel unserer selbst und wir k\u00f6nnen viel von ihnen lernen<br>\n\u2026wir m\u00fcssen nur hinschauen\u2026<\/h2>\n\n\n\n<p>Der Unterricht findet zu fest vereinbarten Terminen statt.<\/p>\n\n\n\n<h2>Was ein Kind lernt:<\/h2>\n\n\n\n<p>Ein Kind, das wir ermutigen, lernt Selbstvertrauen.<br>\nEin Kind, dem wir mit Toleranz begegnen, lernt Offenheit.<br>\nEin Kind, das Aufrichtigkeit erlebt, lernt Achtung.<br>\nEin Kind, dem wir Zuneigung schenken, lernt Freundschaft.<br>\nEin Kind, dem wir Geborgenheit geben, lernt vertrauen.<br>\nEin Kind, das geliebt und umarmt wird, lernt zu lieben und zu umarmen und die leibe dieser Welt zu empfangen.<\/p>\n","protected":false},"excerpt":{"rendered":"<p>Bacardy ist eine h\u00fcbsche, charakterstarke und sehr liebe Islandpferdstute. Sie liebt Kinder hat viel Spa\u00df an der Arbeit und ist immer sehr bem\u00fcht alles gut zu machen. Im Umgang mit Kindern ist sie \u00e4u\u00dferst sensibel und aufmerksam. Sie passt gut auf ihre Reiter auf. Bacardy ist ein ausgeglichenes und nervenstarkes Pony, dass so schnell nix&#8230;<\/p>\n<p class=\"more-link\"><a href=\"https:\/\/kinderponyfarm.de\/?page_id=67\"><span>Read More<\/span><i>&#43;<\/i><\/a><\/p>\n","protected":false},"author":1,"featured_media":0,"parent":0,"menu_order":0,"comment_status":"closed","ping_status":"closed","template":"","meta":[],"_links":{"self":[{"href":"https:\/\/kinderponyfarm.de\/index.php?rest_route=\/wp\/v2\/pages\/67"}],"collection":[{"href":"https:\/\/kinderponyfarm.de\/index.php?rest_route=\/wp\/v2\/pages"}],"about":[{"href":"https:\/\/kinderponyfarm.de\/index.php?rest_route=\/wp\/v2\/types\/page"}],"author":[{"embeddable":true,"href":"https:\/\/kinderponyfarm.de\/index.php?rest_route=\/wp\/v2\/users\/1"}],"replies":[{"embeddable":true,"href":"https:\/\/kinderponyfarm.de\/index.php?rest_route=%2Fwp%2Fv2%2Fcomments&post=67"}],"version-history":[{"count":3,"href":"https:\/\/kinderponyfarm.de\/index.php?rest_route=\/wp\/v2\/pages\/67\/revisions"}],"predecessor-version":[{"id":72,"href":"https:\/\/kinderponyfarm.de\/index.php?rest_route=\/wp\/v2\/pages\/67\/revisions\/72"}],"wp:attachment":[{"href":"https:\/\/kinderponyfarm.de\/index.php?rest_route=%2Fwp%2Fv2%2Fmedia&parent=67"}],"curies":[{"name":"wp","href":"https:\/\/api.w.org\/{rel}","templated":true}]}}