{"id":7,"date":"2019-04-09T16:48:28","date_gmt":"2019-04-09T16:48:28","guid":{"rendered":"http:\/\/kinderponyfarm.de\/?page_id=7"},"modified":"2019-04-09T17:55:02","modified_gmt":"2019-04-09T17:55:02","slug":"angebote","status":"publish","type":"page","link":"https:\/\/kinderponyfarm.de\/?page_id=7","title":{"rendered":"Angebote"},"content":{"rendered":"\n<p>\u2022 Ponyreiten<br>\u2022 Natur erleben, Spa\u00df haben und spielen<\/p>\n\n\n\n<p>Es warten mehrere Ponys auf dem Gel\u00e4nde der Kinderponyfarm in Tangstedt auf Euch!<\/p>\n\n\n\n<p>Termine auf Anfrage und nach Absprache.<\/p>\n\n\n\n<p>Wir suchen Sponsoren und sind \u00fcber jede Spende sehr Dankbar, wer Lust hat uns ein bi\u00dfchen Zeit zum helfen zu schenken, ist herzlich Willkommen.<\/p>\n","protected":false},"excerpt":{"rendered":"<p>\u2022 Ponyreiten\u2022 Natur erleben, Spa\u00df haben und spielen Es warten mehrere Ponys auf dem Gel\u00e4nde der Kinderponyfarm in Tangstedt auf Euch! Termine auf Anfrage und nach Absprache. Wir suchen Sponsoren und sind \u00fcber jede Spende sehr Dankbar, wer Lust hat uns ein bi\u00dfchen Zeit zum helfen zu schenken, ist herzlich Willkommen.<\/p>\n","protected":false},"author":1,"featured_media":0,"parent":0,"menu_order":0,"comment_status":"closed","ping_status":"closed","template":"","meta":[],"_links":{"self":[{"href":"https:\/\/kinderponyfarm.de\/index.php?rest_route=\/wp\/v2\/pages\/7"}],"collection":[{"href":"https:\/\/kinderponyfarm.de\/index.php?rest_route=\/wp\/v2\/pages"}],"about":[{"href":"https:\/\/kinderponyfarm.de\/index.php?rest_route=\/wp\/v2\/types\/page"}],"author":[{"embeddable":true,"href":"https:\/\/kinderponyfarm.de\/index.php?rest_route=\/wp\/v2\/users\/1"}],"replies":[{"embeddable":true,"href":"https:\/\/kinderponyfarm.de\/index.php?rest_route=%2Fwp%2Fv2%2Fcomments&post=7"}],"version-history":[{"count":3,"href":"https:\/\/kinderponyfarm.de\/index.php?rest_route=\/wp\/v2\/pages\/7\/revisions"}],"predecessor-version":[{"id":53,"href":"https:\/\/kinderponyfarm.de\/index.php?rest_route=\/wp\/v2\/pages\/7\/revisions\/53"}],"wp:attachment":[{"href":"https:\/\/kinderponyfarm.de\/index.php?rest_route=%2Fwp%2Fv2%2Fmedia&parent=7"}],"curies":[{"name":"wp","href":"https:\/\/api.w.org\/{rel}","templated":true}]}}