{"id":8,"date":"2019-04-09T16:48:28","date_gmt":"2019-04-09T16:48:28","guid":{"rendered":"http:\/\/kinderponyfarm.de\/?page_id=8"},"modified":"2019-04-09T17:56:40","modified_gmt":"2019-04-09T17:56:40","slug":"programm","status":"publish","type":"page","link":"https:\/\/kinderponyfarm.de\/?page_id=8","title":{"rendered":"Programm"},"content":{"rendered":"\n<p>Ganzheitliches Reiten, Voltigieren und heranf\u00fchren an das Tier und seine nat\u00fcrliche Umgebung f\u00fcr Kinder ab 0 Jahren und Erwachsene<\/p>\n\n\n\n<p>Mein Wunsch ist es Kinder mit dem Partner Pferd ein St\u00fcck ihres Weges zu begleiten und in ihrer Entwicklung zu unterst\u00fctzen und zu f\u00f6rdern.<\/p>\n\n\n\n<p>Mein Name ist Stephanie Rabsilber, ich bin 1978 geboren und schon in meiner fr\u00fchen Kindheit mit verschiedenen Tieren zusammengekommen wie dem Pony, Esel, Schafen, Ziegen, H\u00fchner, Kaninchen, Meerschweinchen ect.<\/p>\n\n\n\n<p>Mit 16 Jahren habe ich meinem Traum vom eigenem Pferd erf\u00fcllen d\u00fcrfen und bin meiner Stute bis heute treu. Schon seit Langem hatte ich den Traum, meine Liebe zu den Pferden mit der Entwicklungsf\u00f6rderung und -unterst\u00fctzung von Kindern zu verbinden.<\/p>\n\n\n\n<p>Diesen Traum habe ich nun realisiert!<\/p>\n\n\n\n<p>Um mir weiteres Wissen anzueignen, mache ich immer gerne Weiterbildungen. Aus eigener Erfahrung wei\u00df ich, wie gut es unserem K\u00f6rper und der Seele tut, sich ein St\u00fcck unseres Weges tragen zu lassen. Mit unserem sanftm\u00fctigen und treuen Partner, dem Pferd, k\u00f6nnen wir uns diesen Wunsch erf\u00fcllen.<\/p>\n","protected":false},"excerpt":{"rendered":"<p>Ganzheitliches Reiten, Voltigieren und heranf\u00fchren an das Tier und seine nat\u00fcrliche Umgebung f\u00fcr Kinder ab 0 Jahren und Erwachsene Mein Wunsch ist es Kinder mit dem Partner Pferd ein St\u00fcck ihres Weges zu begleiten und in ihrer Entwicklung zu unterst\u00fctzen und zu f\u00f6rdern. Mein Name ist Stephanie Rabsilber, ich bin 1978 geboren und schon in&#8230;<\/p>\n<p class=\"more-link\"><a href=\"https:\/\/kinderponyfarm.de\/?page_id=8\"><span>Read More<\/span><i>&#43;<\/i><\/a><\/p>\n","protected":false},"author":1,"featured_media":0,"parent":0,"menu_order":0,"comment_status":"closed","ping_status":"closed","template":"","meta":[],"_links":{"self":[{"href":"https:\/\/kinderponyfarm.de\/index.php?rest_route=\/wp\/v2\/pages\/8"}],"collection":[{"href":"https:\/\/kinderponyfarm.de\/index.php?rest_route=\/wp\/v2\/pages"}],"about":[{"href":"https:\/\/kinderponyfarm.de\/index.php?rest_route=\/wp\/v2\/types\/page"}],"author":[{"embeddable":true,"href":"https:\/\/kinderponyfarm.de\/index.php?rest_route=\/wp\/v2\/users\/1"}],"replies":[{"embeddable":true,"href":"https:\/\/kinderponyfarm.de\/index.php?rest_route=%2Fwp%2Fv2%2Fcomments&post=8"}],"version-history":[{"count":2,"href":"https:\/\/kinderponyfarm.de\/index.php?rest_route=\/wp\/v2\/pages\/8\/revisions"}],"predecessor-version":[{"id":54,"href":"https:\/\/kinderponyfarm.de\/index.php?rest_route=\/wp\/v2\/pages\/8\/revisions\/54"}],"wp:attachment":[{"href":"https:\/\/kinderponyfarm.de\/index.php?rest_route=%2Fwp%2Fv2%2Fmedia&parent=8"}],"curies":[{"name":"wp","href":"https:\/\/api.w.org\/{rel}","templated":true}]}}